{"id":146,"date":"2025-12-08T23:08:04","date_gmt":"2025-12-08T22:08:04","guid":{"rendered":"https:\/\/biznesnalegalu.pl\/?post_type=product&#038;p=146"},"modified":"2025-12-29T10:12:18","modified_gmt":"2025-12-29T09:12:18","slug":"konsultacja-biznesowo-prawna-on-line","status":"publish","type":"product","link":"https:\/\/biznesnalegalu.pl\/?product=konsultacja-biznesowo-prawna-on-line","title":{"rendered":"konsultacja biznesowo-prawna on-line (60 minut)"},"content":{"rendered":"<p>Startujesz z biznesem on-line nie wiesz jak to ogarn\u0105\u0107 od strony formalno\u015bci?<\/p>\n<p>Potrzebujesz sprawdzonych informacji, jak zadba\u0107 o fundamenty prawne swojego biznes?<\/p>\n<p>Ta konsultacja jest dla Ciebie!<\/p>\n<p>Jak to dzia\u0142a?<\/p>\n<ol>\n<li>po wykupieniu konsultacji kontaktujesz si\u0119 ze mn\u0105 i wsp\u00f3lnie ustalamy termin konsultacji<\/li>\n<li>przesy\u0142asz mi wszelkie niezb\u0119dne dane (np. adres swojej strony internetowej), na podstawie kt\u00f3rych przeprowadzimy analiz\u0119 prawn\u0105 Twojego biznesu online<\/li>\n<li>po konsultacji otrzymasz podsumowanie i checklist\u0119 kolejnych krok\u00f3w do sprawnego wdro\u017cenia.<\/li>\n<\/ol>\n<p>zakres tematyczny konsultacji (wymienione przyk\u0142adowo &#8211; je\u015bli potrzebujesz om\u00f3wi\u0107 inne elementy biznesu online, daj zna\u0107 na hello@biznesnalegalu.pl a ja doradz\u0119 Ci, czy konsultacja prawno-biznesowa ze mn\u0105 b\u0119dzie dobrym wyborem)<\/p>\n<ul>\n<li>aspekty prawne biznesu online &#8211; np. niezb\u0119dne dokumenty, procedury, dobre praktyki, prawa autorskie, licencje, ochrona danych osobowych, ochrona w\u0142asno\u015bci intelektualnej.<\/li>\n<li>elementy biznesowe &#8211; np. email marketing, strategie produkt\u00f3w, \u015bcie\u017cki klienta.<\/li>\n<\/ul>\n<p>Konsultacja odbywa si\u0119 on-line przez platform\u0119 typu Google Meet, Zoom.<\/p>\n<p>Czas trwania konsultacji: 60 minut<\/p>\n<p>Konsultacja nie zawiera pakietu dokument\u00f3w. Niezb\u0119dne szablony dokument\u00f3w mo\u017cesz kupi\u0107 osobno (Legal Templates).<\/p>\n<p>&nbsp;<\/p>\n","protected":false},"excerpt":{"rendered":"<p>Startujesz z biznesem on-line nie wiesz jak to ogarn\u0105\u0107 od strony formalno\u015bci?<\/p>\n<p>Potrzebujesz sprawdzonych informacji, jak zadba\u0107 o fundamenty prawne swojego biznes?<\/p>\n<p>Ta konsultacja jest dla Ciebie!<\/p>\n","protected":false},"featured_media":180,"template":"","meta":[],"product_brand":[],"product_cat":[16],"product_tag":[],"class_list":{"0":"post-146","1":"product","2":"type-product","3":"status-publish","4":"has-post-thumbnail","6":"product_cat-bez-kategorii","8":"first","9":"instock","10":"taxable","11":"shipping-taxable","12":"purchasable","13":"product-type-simple"},"_links":{"self":[{"href":"https:\/\/biznesnalegalu.pl\/index.php?rest_route=\/wp\/v2\/product\/146","targetHints":{"allow":["GET"]}}],"collection":[{"href":"https:\/\/biznesnalegalu.pl\/index.php?rest_route=\/wp\/v2\/product"}],"about":[{"href":"https:\/\/biznesnalegalu.pl\/index.php?rest_route=\/wp\/v2\/types\/product"}],"wp:featuredmedia":[{"embeddable":true,"href":"https:\/\/biznesnalegalu.pl\/index.php?rest_route=\/wp\/v2\/media\/180"}],"wp:attachment":[{"href":"https:\/\/biznesnalegalu.pl\/index.php?rest_route=%2Fwp%2Fv2%2Fmedia&parent=146"}],"wp:term":[{"taxonomy":"product_brand","embeddable":true,"href":"https:\/\/biznesnalegalu.pl\/index.php?rest_route=%2Fwp%2Fv2%2Fproduct_brand&post=146"},{"taxonomy":"product_cat","embeddable":true,"href":"https:\/\/biznesnalegalu.pl\/index.php?rest_route=%2Fwp%2Fv2%2Fproduct_cat&post=146"},{"taxonomy":"product_tag","embeddable":true,"href":"https:\/\/biznesnalegalu.pl\/index.php?rest_route=%2Fwp%2Fv2%2Fproduct_tag&post=146"}],"curies":[{"name":"wp","href":"https:\/\/api.w.org\/{rel}","templated":true}]}}